{"id":150,"date":"2020-12-07T07:26:04","date_gmt":"2020-12-07T06:26:04","guid":{"rendered":"http:\/\/magic-hisi.de\/?page_id=150"},"modified":"2020-12-09T16:15:57","modified_gmt":"2020-12-09T15:15:57","slug":"kontakt","status":"publish","type":"page","link":"https:\/\/magic-hisi.de\/?page_id=150","title":{"rendered":"Kontakt"},"content":{"rendered":"\t\t<div data-elementor-type=\"wp-page\" data-elementor-id=\"150\" class=\"elementor elementor-150\" data-elementor-post-type=\"page\">\n\t\t\t\t\t\t<section class=\"elementor-section elementor-top-section elementor-element elementor-element-c1fd8ac elementor-section-boxed elementor-section-height-default elementor-section-height-default\" data-id=\"c1fd8ac\" data-element_type=\"section\">\n\t\t\t\t\t\t<div class=\"elementor-container elementor-column-gap-default\">\n\t\t\t\t\t<div class=\"elementor-column elementor-col-100 elementor-top-column elementor-element elementor-element-fb8e168\" data-id=\"fb8e168\" data-element_type=\"column\">\n\t\t\t<div class=\"elementor-widget-wrap elementor-element-populated\">\n\t\t\t\t\t\t<div class=\"elementor-element elementor-element-df73922 elementor-widget elementor-widget-wpforms\" data-id=\"df73922\" data-element_type=\"widget\" data-widget_type=\"wpforms.default\">\n\t\t\t\t<div class=\"elementor-widget-container\">\n\t\t\t<div class=\"wpforms-container wpforms-container-full\" id=\"wpforms-349\"><form id=\"wpforms-form-349\" class=\"wpforms-validate wpforms-form\" data-formid=\"349\" method=\"post\" enctype=\"multipart\/form-data\" action=\"\/index.php?rest_route=%2Fwp%2Fv2%2Fpages%2F150\" data-token=\"fc68b1860aaa84d0600f03ec2466d354\" data-token-time=\"1778666908\"><noscript class=\"wpforms-error-noscript\">Bitte aktiviere JavaScript in deinem Browser, um dieses Formular fertigzustellen.<\/noscript><div class=\"wpforms-field-container\"><div id=\"wpforms-349-field_0-container\" class=\"wpforms-field wpforms-field-name\" data-field-id=\"0\"><label class=\"wpforms-field-label\">Name <span class=\"wpforms-required-label\">*<\/span><\/label><div class=\"wpforms-field-row wpforms-field-medium\"><div class=\"wpforms-field-row-block wpforms-first wpforms-one-half\"><input type=\"text\" id=\"wpforms-349-field_0\" class=\"wpforms-field-name-first wpforms-field-required\" name=\"wpforms[fields][0][first]\" required><label for=\"wpforms-349-field_0\" class=\"wpforms-field-sublabel after\">Vorname<\/label><\/div><div class=\"wpforms-field-row-block wpforms-one-half\"><input type=\"text\" id=\"wpforms-349-field_0-last\" class=\"wpforms-field-name-last wpforms-field-required\" name=\"wpforms[fields][0][last]\" required><label for=\"wpforms-349-field_0-last\" class=\"wpforms-field-sublabel after\">Nachname<\/label><\/div><\/div><\/div><div id=\"wpforms-349-field_1-container\" class=\"wpforms-field wpforms-field-email\" data-field-id=\"1\"><label class=\"wpforms-field-label\" for=\"wpforms-349-field_1\">E-Mail <span class=\"wpforms-required-label\">*<\/span><\/label><input type=\"email\" id=\"wpforms-349-field_1\" class=\"wpforms-field-medium wpforms-field-required\" name=\"wpforms[fields][1]\" spellcheck=\"false\" required><\/div><div id=\"wpforms-349-field_3-container\" class=\"wpforms-field wpforms-field-checkbox\" data-field-id=\"3\"><label class=\"wpforms-field-label\">Art der Veranstaltung <span class=\"wpforms-required-label\">*<\/span><\/label><ul id=\"wpforms-349-field_3\" class=\"wpforms-field-required\"><li class=\"choice-1 depth-1\"><input type=\"checkbox\" id=\"wpforms-349-field_3_1\" name=\"wpforms[fields][3][]\" value=\"Privat\" required ><label class=\"wpforms-field-label-inline\" for=\"wpforms-349-field_3_1\">Privat<\/label><\/li><li class=\"choice-2 depth-1\"><input type=\"checkbox\" id=\"wpforms-349-field_3_2\" name=\"wpforms[fields][3][]\" value=\"Gewerblich\" required ><label class=\"wpforms-field-label-inline\" for=\"wpforms-349-field_3_2\">Gewerblich<\/label><\/li><\/ul><\/div><div id=\"wpforms-349-field_11-container\" class=\"wpforms-field wpforms-field-text\" data-field-id=\"11\"><label class=\"wpforms-field-label\" for=\"wpforms-349-field_11\">Datum der Veranstaltung <span class=\"wpforms-required-label\">*<\/span><\/label><input type=\"text\" id=\"wpforms-349-field_11\" class=\"wpforms-field-medium wpforms-field-required\" name=\"wpforms[fields][11]\" required><\/div><div id=\"wpforms-349-field_8-container\" class=\"wpforms-field wpforms-field-text\" data-field-id=\"8\"><label class=\"wpforms-field-label\" for=\"wpforms-349-field_8\">Anlass (Hochzeit, Firmevent, Jubil\u00e4um, Stra\u00dfenfest etc) <span class=\"wpforms-required-label\">*<\/span><\/label><input type=\"text\" id=\"wpforms-349-field_8\" class=\"wpforms-field-medium wpforms-field-required\" name=\"wpforms[fields][8]\" required><\/div><div id=\"wpforms-349-field_9-container\" class=\"wpforms-field wpforms-field-text\" data-field-id=\"9\"><label class=\"wpforms-field-label\" for=\"wpforms-349-field_9\">Ca: Anzahl der G\u00e4ste <span class=\"wpforms-required-label\">*<\/span><\/label><input type=\"text\" id=\"wpforms-349-field_9\" class=\"wpforms-field-medium wpforms-field-required\" name=\"wpforms[fields][9]\" required><\/div><div id=\"wpforms-349-field_10-container\" class=\"wpforms-field wpforms-field-text\" data-field-id=\"10\"><label class=\"wpforms-field-label\" for=\"wpforms-349-field_10\">Veranstaltungsort <span class=\"wpforms-required-label\">*<\/span><\/label><input type=\"text\" id=\"wpforms-349-field_10\" class=\"wpforms-field-medium wpforms-field-required\" name=\"wpforms[fields][10]\" required><\/div><div id=\"wpforms-349-field_2-container\" class=\"wpforms-field wpforms-field-textarea\" data-field-id=\"2\"><label class=\"wpforms-field-label\" for=\"wpforms-349-field_2\">Kommentar oder Nachricht <span class=\"wpforms-required-label\">*<\/span><\/label><textarea id=\"wpforms-349-field_2\" class=\"wpforms-field-medium wpforms-field-required\" name=\"wpforms[fields][2]\" required><\/textarea><div class=\"wpforms-field-description\">Beschreiben Sie doch im Vorfeld bitte folgende Fragen: Wie Sie sich die Veranstaltung vorstellen.\r\nF\u00fcr Kinder? Kinder und Erwachsene oder haupts\u00e4chlich Erwachsene? Walking Act, B\u00fchnenauftritt, zwischern den Essensg\u00e4ngen etc.<\/div><\/div><div id=\"wpforms-349-field_6-container\" class=\"wpforms-field wpforms-field-checkbox\" data-field-id=\"6\"><label class=\"wpforms-field-label\">Datenschutz <span class=\"wpforms-required-label\">*<\/span><\/label><ul id=\"wpforms-349-field_6\" class=\"wpforms-field-required\"><li class=\"choice-1 depth-1\"><input type=\"checkbox\" id=\"wpforms-349-field_6_1\" name=\"wpforms[fields][6][]\" value=\"einverstaden\" required ><label class=\"wpforms-field-label-inline\" for=\"wpforms-349-field_6_1\">einverstaden<\/label><\/li><\/ul><div class=\"wpforms-field-description\">HINWEIS: Um mit Ihnen in Kontakt zu treten, werden die Daten zwecks \u00dcbermittlung gespeichert und verarbeitet<\/div><\/div><\/div><!-- .wpforms-field-container --><div class=\"wpforms-recaptcha-container wpforms-is-recaptcha wpforms-is-recaptcha-type-v2\" ><div class=\"g-recaptcha\" data-sitekey=\"6Lc4rHwpAAAAAL-Rgsg2sbZUIAX1sEjmONEGh0MJ\"><\/div><input type=\"text\" name=\"g-recaptcha-hidden\" class=\"wpforms-recaptcha-hidden\" style=\"position:absolute!important;clip:rect(0,0,0,0)!important;height:1px!important;width:1px!important;border:0!important;overflow:hidden!important;padding:0!important;margin:0!important;\" data-rule-recaptcha=\"1\"><\/div><div class=\"wpforms-submit-container\" ><input type=\"hidden\" name=\"wpforms[id]\" value=\"349\"><input type=\"hidden\" name=\"page_title\" value=\"\"><input type=\"hidden\" name=\"page_url\" value=\"https:\/\/magic-hisi.de\/index.php?rest_route=\/wp\/v2\/pages\/150\"><input type=\"hidden\" name=\"url_referer\" value=\"\"><button type=\"submit\" name=\"wpforms[submit]\" id=\"wpforms-submit-349\" class=\"wpforms-submit\" data-alt-text=\"Senden...\" data-submit-text=\"Absenden\" aria-live=\"assertive\" value=\"wpforms-submit\">Absenden<\/button><\/div><\/form><\/div>  <!-- .wpforms-container -->\t\t<\/div>\n\t\t\t\t<\/div>\n\t\t\t\t\t<\/div>\n\t\t<\/div>\n\t\t\t\t\t<\/div>\n\t\t<\/section>\n\t\t\t\t<\/div>\n\t\t","protected":false},"excerpt":{"rendered":"","protected":false},"author":1,"featured_media":0,"parent":0,"menu_order":0,"comment_status":"closed","ping_status":"closed","template":"","meta":{"ngg_post_thumbnail":0,"footnotes":""},"yoast_head":"<!-- This site is optimized with the Yoast SEO plugin v21.9.1 - https:\/\/yoast.com\/wordpress\/plugins\/seo\/ -->\n<title>Kontakt - Magic-Hisi<\/title>\n<meta name=\"robots\" content=\"noindex, follow, max-snippet:-1, max-image-preview:large, max-video-preview:-1\" \/>\n<meta property=\"og:locale\" content=\"de_DE\" \/>\n<meta property=\"og:type\" content=\"article\" \/>\n<meta property=\"og:title\" content=\"Kontakt - Magic-Hisi\" \/>\n<meta property=\"og:url\" content=\"https:\/\/magic-hisi.de\/?page_id=150\" \/>\n<meta property=\"og:site_name\" content=\"Magic-Hisi\" \/>\n<meta property=\"article:modified_time\" content=\"2020-12-09T15:15:57+00:00\" \/>\n<meta name=\"twitter:card\" content=\"summary_large_image\" \/>\n<script type=\"application\/ld+json\" class=\"yoast-schema-graph\">{\"@context\":\"https:\/\/schema.org\",\"@graph\":[{\"@type\":\"WebPage\",\"@id\":\"https:\/\/magic-hisi.de\/?page_id=150\",\"url\":\"https:\/\/magic-hisi.de\/?page_id=150\",\"name\":\"Kontakt - Magic-Hisi\",\"isPartOf\":{\"@id\":\"https:\/\/magic-hisi.de\/#website\"},\"datePublished\":\"2020-12-07T06:26:04+00:00\",\"dateModified\":\"2020-12-09T15:15:57+00:00\",\"breadcrumb\":{\"@id\":\"https:\/\/magic-hisi.de\/?page_id=150#breadcrumb\"},\"inLanguage\":\"de\",\"potentialAction\":[{\"@type\":\"ReadAction\",\"target\":[\"https:\/\/magic-hisi.de\/?page_id=150\"]}]},{\"@type\":\"BreadcrumbList\",\"@id\":\"https:\/\/magic-hisi.de\/?page_id=150#breadcrumb\",\"itemListElement\":[{\"@type\":\"ListItem\",\"position\":1,\"name\":\"Startseite\",\"item\":\"https:\/\/magic-hisi.de\/\"},{\"@type\":\"ListItem\",\"position\":2,\"name\":\"Kontakt\"}]},{\"@type\":\"WebSite\",\"@id\":\"https:\/\/magic-hisi.de\/#website\",\"url\":\"https:\/\/magic-hisi.de\/\",\"name\":\"Magic-Hisi\",\"description\":\"Feel the Power of Magic\",\"potentialAction\":[{\"@type\":\"SearchAction\",\"target\":{\"@type\":\"EntryPoint\",\"urlTemplate\":\"https:\/\/magic-hisi.de\/?s={search_term_string}\"},\"query-input\":\"required name=search_term_string\"}],\"inLanguage\":\"de\"}]}<\/script>\n<!-- \/ Yoast SEO plugin. -->","yoast_head_json":{"title":"Kontakt - Magic-Hisi","robots":{"index":"noindex","follow":"follow","max-snippet":"max-snippet:-1","max-image-preview":"max-image-preview:large","max-video-preview":"max-video-preview:-1"},"og_locale":"de_DE","og_type":"article","og_title":"Kontakt - Magic-Hisi","og_url":"https:\/\/magic-hisi.de\/?page_id=150","og_site_name":"Magic-Hisi","article_modified_time":"2020-12-09T15:15:57+00:00","twitter_card":"summary_large_image","schema":{"@context":"https:\/\/schema.org","@graph":[{"@type":"WebPage","@id":"https:\/\/magic-hisi.de\/?page_id=150","url":"https:\/\/magic-hisi.de\/?page_id=150","name":"Kontakt - Magic-Hisi","isPartOf":{"@id":"https:\/\/magic-hisi.de\/#website"},"datePublished":"2020-12-07T06:26:04+00:00","dateModified":"2020-12-09T15:15:57+00:00","breadcrumb":{"@id":"https:\/\/magic-hisi.de\/?page_id=150#breadcrumb"},"inLanguage":"de","potentialAction":[{"@type":"ReadAction","target":["https:\/\/magic-hisi.de\/?page_id=150"]}]},{"@type":"BreadcrumbList","@id":"https:\/\/magic-hisi.de\/?page_id=150#breadcrumb","itemListElement":[{"@type":"ListItem","position":1,"name":"Startseite","item":"https:\/\/magic-hisi.de\/"},{"@type":"ListItem","position":2,"name":"Kontakt"}]},{"@type":"WebSite","@id":"https:\/\/magic-hisi.de\/#website","url":"https:\/\/magic-hisi.de\/","name":"Magic-Hisi","description":"Feel the Power of Magic","potentialAction":[{"@type":"SearchAction","target":{"@type":"EntryPoint","urlTemplate":"https:\/\/magic-hisi.de\/?s={search_term_string}"},"query-input":"required name=search_term_string"}],"inLanguage":"de"}]}},"_links":{"self":[{"href":"https:\/\/magic-hisi.de\/index.php?rest_route=\/wp\/v2\/pages\/150"}],"collection":[{"href":"https:\/\/magic-hisi.de\/index.php?rest_route=\/wp\/v2\/pages"}],"about":[{"href":"https:\/\/magic-hisi.de\/index.php?rest_route=\/wp\/v2\/types\/page"}],"author":[{"embeddable":true,"href":"https:\/\/magic-hisi.de\/index.php?rest_route=\/wp\/v2\/users\/1"}],"replies":[{"embeddable":true,"href":"https:\/\/magic-hisi.de\/index.php?rest_route=%2Fwp%2Fv2%2Fcomments&post=150"}],"version-history":[{"count":4,"href":"https:\/\/magic-hisi.de\/index.php?rest_route=\/wp\/v2\/pages\/150\/revisions"}],"predecessor-version":[{"id":353,"href":"https:\/\/magic-hisi.de\/index.php?rest_route=\/wp\/v2\/pages\/150\/revisions\/353"}],"wp:attachment":[{"href":"https:\/\/magic-hisi.de\/index.php?rest_route=%2Fwp%2Fv2%2Fmedia&parent=150"}],"curies":[{"name":"wp","href":"https:\/\/api.w.org\/{rel}","templated":true}]}}